{"id":9,"date":"2024-10-12T13:27:44","date_gmt":"2024-10-12T13:27:44","guid":{"rendered":"https:\/\/fabricioscotti.com.br\/nutriesdras\/?page_id=9"},"modified":"2025-10-25T11:00:44","modified_gmt":"2025-10-25T11:00:44","slug":"links-uteis","status":"publish","type":"page","link":"https:\/\/nutriesdras.com\/","title":{"rendered":"Nutri Esdras"},"content":{"rendered":"\t\t<div data-elementor-type=\"wp-page\" data-elementor-id=\"9\" class=\"elementor elementor-9\">\n\t\t\t\t<div class=\"elementor-element elementor-element-e1a88dd e-flex e-con-boxed e-con e-parent\" data-id=\"e1a88dd\" data-element_type=\"container\">\n\t\t\t\t\t<div class=\"e-con-inner\">\n\t\t\t\t<div class=\"elementor-element elementor-element-a6d3da0 elementor-invisible elementor-widget elementor-widget-image\" data-id=\"a6d3da0\" data-element_type=\"widget\" data-settings=\"{&quot;_animation_mobile&quot;:&quot;fadeInDown&quot;,&quot;_animation&quot;:&quot;fadeInDown&quot;}\" data-widget_type=\"image.default\">\n\t\t\t\t<div class=\"elementor-widget-container\">\n\t\t\t\t\t\t\t\t\t\t\t\t\t<img fetchpriority=\"high\" decoding=\"async\" width=\"794\" height=\"896\" src=\"https:\/\/nutriesdras.com\/wp-content\/uploads\/2024\/10\/padrin-1.png\" class=\"attachment-large size-large wp-image-88\" alt=\"\" srcset=\"https:\/\/nutriesdras.com\/wp-content\/uploads\/2024\/10\/padrin-1.png 794w, https:\/\/nutriesdras.com\/wp-content\/uploads\/2024\/10\/padrin-1-266x300.png 266w, https:\/\/nutriesdras.com\/wp-content\/uploads\/2024\/10\/padrin-1-768x867.png 768w\" sizes=\"(max-width: 794px) 100vw, 794px\" \/>\t\t\t\t\t\t\t\t\t\t\t\t\t<\/div>\n\t\t\t\t<\/div>\n\t\t\t\t\t<\/div>\n\t\t\t\t<\/div>\n\t\t<div class=\"elementor-element elementor-element-23068b1 e-flex e-con-boxed elementor-invisible e-con e-parent\" data-id=\"23068b1\" data-element_type=\"container\" data-settings=\"{&quot;animation_mobile&quot;:&quot;fadeInDown&quot;,&quot;animation&quot;:&quot;fadeIn&quot;}\">\n\t\t\t\t\t<div class=\"e-con-inner\">\n\t\t\t\t<div class=\"elementor-element elementor-element-29cf5b5 elementor-widget elementor-widget-heading\" data-id=\"29cf5b5\" data-element_type=\"widget\" data-widget_type=\"heading.default\">\n\t\t\t\t<div class=\"elementor-widget-container\">\n\t\t\t<h2 class=\"elementor-heading-title elementor-size-default\">ESDRAS<br>\nNERIS<\/h2>\t\t<\/div>\n\t\t\t\t<\/div>\n\t\t\t\t<div class=\"elementor-element elementor-element-987df02 elementor-widget elementor-widget-text-editor\" data-id=\"987df02\" data-element_type=\"widget\" data-widget_type=\"text-editor.default\">\n\t\t\t\t<div class=\"elementor-widget-container\">\n\t\t\t\t\t\t\tNUTRICIONISTA<br>\nE PROFESSOR\t\t\t\t\t\t<\/div>\n\t\t\t\t<\/div>\n\t\t\t\t\t<\/div>\n\t\t\t\t<\/div>\n\t\t<div class=\"elementor-element elementor-element-240ae6c e-flex e-con-boxed e-con e-parent\" data-id=\"240ae6c\" data-element_type=\"container\" data-settings=\"{&quot;animation_mobile&quot;:&quot;fadeIn&quot;}\">\n\t\t\t\t\t<div class=\"e-con-inner\">\n\t\t<a class=\"elementor-element elementor-element-e402252 e-con-full e-flex e-con e-child\" data-id=\"e402252\" data-element_type=\"container\" data-settings=\"{&quot;background_background&quot;:&quot;classic&quot;,&quot;animation_mobile&quot;:&quot;fadeIn&quot;}\" href=\"https:\/\/api.whatsapp.com\/send?phone=5541999806414&#038;text=Ol%C3%A1,%20me%20chamo%20(seu%20nome%20por%20gentileza)!%20Gostaria%20de%20mais%20informa%C3%A7%C3%B5es%20sobre%20a%20consultoria!\">\n\t\t\t\t<div class=\"elementor-element elementor-element-b338136 elementor-widget__width-initial elementor-widget elementor-widget-heading\" data-id=\"b338136\" data-element_type=\"widget\" data-widget_type=\"heading.default\">\n\t\t\t\t<div class=\"elementor-widget-container\">\n\t\t\t<h2 class=\"elementor-heading-title elementor-size-default\">CONSULTE-SE DE CASA<\/h2>\t\t<\/div>\n\t\t\t\t<\/div>\n\t\t\t\t<div class=\"elementor-element elementor-element-88f0f83 elementor-widget__width-initial elementor-widget elementor-widget-heading\" data-id=\"88f0f83\" data-element_type=\"widget\" data-widget_type=\"heading.default\">\n\t\t\t\t<div class=\"elementor-widget-container\">\n\t\t\t<h2 class=\"elementor-heading-title elementor-size-default\"><u><i>FALE DIRETO COMIGO<\/i><\/u><\/h2>\t\t<\/div>\n\t\t\t\t<\/div>\n\t\t\t\t<\/a>\n\t\t\t\t\t<\/div>\n\t\t\t\t<\/div>\n\t\t<div class=\"elementor-element elementor-element-54d00c8 e-flex e-con-boxed e-con e-parent\" data-id=\"54d00c8\" data-element_type=\"container\" data-settings=\"{&quot;animation_mobile&quot;:&quot;fadeIn&quot;}\">\n\t\t\t\t\t<div class=\"e-con-inner\">\n\t\t<a class=\"elementor-element elementor-element-063915d e-con-full e-flex e-con e-child\" data-id=\"063915d\" data-element_type=\"container\" data-settings=\"{&quot;background_background&quot;:&quot;classic&quot;,&quot;animation_mobile&quot;:&quot;fadeIn&quot;}\" href=\"https:\/\/tecm-esdras.hotmart.host\/pagina-de-vendas-226e645c-f3c9-4c1a-96a0-17a51153c646\">\n\t\t\t\t<div class=\"elementor-element elementor-element-86bc96c elementor-widget elementor-widget-heading\" data-id=\"86bc96c\" data-element_type=\"widget\" data-widget_type=\"heading.default\">\n\t\t\t\t<div class=\"elementor-widget-container\">\n\t\t\t<h2 class=\"elementor-heading-title elementor-size-default\"><u>17 CARD\u00c1PIOS SELECIONADOS<\/u><\/h2>\t\t<\/div>\n\t\t\t\t<\/div>\n\t\t\t\t<div class=\"elementor-element elementor-element-1b51073 elementor-widget elementor-widget-heading\" data-id=\"1b51073\" data-element_type=\"widget\" data-widget_type=\"heading.default\">\n\t\t\t\t<div class=\"elementor-widget-container\">\n\t\t\t<h2 class=\"elementor-heading-title elementor-size-default\"><u>PARA EMAGRECIMENTO E HIPERTROFIA<\/u><\/h2>\t\t<\/div>\n\t\t\t\t<\/div>\n\t\t\t\t<\/a>\n\t\t\t\t\t<\/div>\n\t\t\t\t<\/div>\n\t\t<div class=\"elementor-element elementor-element-e63d3b3 e-flex e-con-boxed e-con e-parent\" data-id=\"e63d3b3\" data-element_type=\"container\" data-settings=\"{&quot;animation_mobile&quot;:&quot;fadeIn&quot;}\">\n\t\t\t\t\t<div class=\"e-con-inner\">\n\t\t<a class=\"elementor-element elementor-element-a62b99d e-con-full e-flex e-con e-child\" data-id=\"a62b99d\" data-element_type=\"container\" data-settings=\"{&quot;background_background&quot;:&quot;classic&quot;,&quot;animation_mobile&quot;:&quot;fadeIn&quot;}\" href=\"https:\/\/nutro.app.br\/nutri.esdras\">\n\t\t\t\t<div class=\"elementor-element elementor-element-09e8c69 elementor-widget elementor-widget-heading\" data-id=\"09e8c69\" data-element_type=\"widget\" data-widget_type=\"heading.default\">\n\t\t\t\t<div class=\"elementor-widget-container\">\n\t\t\t<h2 class=\"elementor-heading-title elementor-size-default\">APP DE SUBSTITUI\u00c7\u00c3O DE ALIMENTOS (GRATUITO)<\/h2>\t\t<\/div>\n\t\t\t\t<\/div>\n\t\t\t\t<\/a>\n\t\t\t\t\t<\/div>\n\t\t\t\t<\/div>\n\t\t<div class=\"elementor-element elementor-element-118d103 e-flex e-con-boxed e-con e-parent\" data-id=\"118d103\" data-element_type=\"container\" data-settings=\"{&quot;animation_mobile&quot;:&quot;fadeIn&quot;}\">\n\t\t\t\t\t<div class=\"e-con-inner\">\n\t\t<a class=\"elementor-element elementor-element-c4acf94 e-con-full e-flex e-con e-child\" data-id=\"c4acf94\" data-element_type=\"container\" data-settings=\"{&quot;background_background&quot;:&quot;classic&quot;,&quot;animation_mobile&quot;:&quot;none&quot;}\" href=\"https:\/\/nutriesdras.com\/calculadora\">\n\t\t\t\t<div class=\"elementor-element elementor-element-54e13f0 elementor-widget elementor-widget-heading\" data-id=\"54e13f0\" data-element_type=\"widget\" data-widget_type=\"heading.default\">\n\t\t\t\t<div class=\"elementor-widget-container\">\n\t\t\t<h2 class=\"elementor-heading-title elementor-size-default\">CALCULADORA DE CALORIAS (GRATUITA)<\/h2>\t\t<\/div>\n\t\t\t\t<\/div>\n\t\t\t\t<\/a>\n\t\t\t\t\t<\/div>\n\t\t\t\t<\/div>\n\t\t<div class=\"elementor-element elementor-element-6cf7643 e-flex e-con-boxed e-con e-parent\" data-id=\"6cf7643\" data-element_type=\"container\">\n\t\t\t\t\t<div class=\"e-con-inner\">\n\t\t\t\t\t<\/div>\n\t\t\t\t<\/div>\n\t\t\t\t<\/div>\n\t\t","protected":false},"excerpt":{"rendered":"<p>ESDRAS NERIS NUTRICIONISTA E PROFESSOR CONSULTE-SE DE CASA FALE DIRETO COMIGO 17 CARD\u00c1PIOS SELECIONADOS PARA EMAGRECIMENTO E HIPERTROFIA APP DE SUBSTITUI\u00c7\u00c3O DE ALIMENTOS (GRATUITO) CALCULADORA DE CALORIAS (GRATUITA)<\/p>\n","protected":false},"author":1,"featured_media":0,"parent":0,"menu_order":0,"comment_status":"closed","ping_status":"closed","template":"elementor_canvas","meta":{"footnotes":""},"class_list":["post-9","page","type-page","status-publish","hentry"],"_links":{"self":[{"href":"https:\/\/nutriesdras.com\/index.php?rest_route=\/wp\/v2\/pages\/9"}],"collection":[{"href":"https:\/\/nutriesdras.com\/index.php?rest_route=\/wp\/v2\/pages"}],"about":[{"href":"https:\/\/nutriesdras.com\/index.php?rest_route=\/wp\/v2\/types\/page"}],"author":[{"embeddable":true,"href":"https:\/\/nutriesdras.com\/index.php?rest_route=\/wp\/v2\/users\/1"}],"replies":[{"embeddable":true,"href":"https:\/\/nutriesdras.com\/index.php?rest_route=%2Fwp%2Fv2%2Fcomments&post=9"}],"version-history":[{"count":120,"href":"https:\/\/nutriesdras.com\/index.php?rest_route=\/wp\/v2\/pages\/9\/revisions"}],"predecessor-version":[{"id":447,"href":"https:\/\/nutriesdras.com\/index.php?rest_route=\/wp\/v2\/pages\/9\/revisions\/447"}],"wp:attachment":[{"href":"https:\/\/nutriesdras.com\/index.php?rest_route=%2Fwp%2Fv2%2Fmedia&parent=9"}],"curies":[{"name":"wp","href":"https:\/\/api.w.org\/{rel}","templated":true}]}}